{"id":298,"date":"2022-02-10T17:50:51","date_gmt":"2022-02-10T16:50:51","guid":{"rendered":"https:\/\/adrien-nowak.com\/?page_id=298"},"modified":"2025-09-15T14:57:18","modified_gmt":"2025-09-15T12:57:18","slug":"evenementiel","status":"publish","type":"page","link":"https:\/\/adrien-nowak.com\/index.php\/evenementiel\/","title":{"rendered":"\u00c9v\u00e9nementiel"},"content":{"rendered":"<p>[et_pb_section fb_built=\u00a0\u00bb1&Prime; _builder_version=\u00a0\u00bb4.9.3&Prime; _module_preset=\u00a0\u00bbdefault\u00a0\u00bb custom_padding=\u00a0\u00bb||9px|||\u00a0\u00bb][et_pb_row _builder_version=\u00a0\u00bb4.9.3&Prime; _module_preset=\u00a0\u00bbdefault\u00a0\u00bb][et_pb_column type=\u00a0\u00bb4_4&Prime; _builder_version=\u00a0\u00bb4.9.3&Prime; _module_preset=\u00a0\u00bbdefault\u00a0\u00bb][et_pb_post_title meta=\u00a0\u00bboff\u00a0\u00bb featured_image=\u00a0\u00bboff\u00a0\u00bb _builder_version=\u00a0\u00bb4.9.3&Prime; _module_preset=\u00a0\u00bbdefault\u00a0\u00bb title_font=\u00a0\u00bb|700|||||||\u00a0\u00bb title_text_align=\u00a0\u00bbcenter\u00a0\u00bb title_text_color=\u00a0\u00bb#00296B\u00a0\u00bb title_font_size=\u00a0\u00bb56px\u00a0\u00bb][\/et_pb_post_title][\/et_pb_column][\/et_pb_row][et_pb_row _builder_version=\u00a0\u00bb4.9.3&Prime; _module_preset=\u00a0\u00bbdefault\u00a0\u00bb][et_pb_column type=\u00a0\u00bb4_4&Prime; _builder_version=\u00a0\u00bb4.9.3&Prime; _module_preset=\u00a0\u00bbdefault\u00a0\u00bb][et_pb_text _builder_version=\u00a0\u00bb4.9.3&Prime; _module_preset=\u00a0\u00bbdefault\u00a0\u00bb text_font_size=\u00a0\u00bb16px\u00a0\u00bb]<\/p>\n<p style=\"text-align: center;\"><em>Immortaliser les plus beaux \u00e9v\u00e8nements de votre entreprise<\/em><\/p>\n<p>[\/et_pb_text][\/et_pb_column][\/et_pb_row][\/et_pb_section][et_pb_section fb_built=\u00a0\u00bb1&Prime; specialty=\u00a0\u00bbon\u00a0\u00bb _builder_version=\u00a0\u00bb4.9.3&Prime; _module_preset=\u00a0\u00bbdefault\u00a0\u00bb custom_padding=\u00a0\u00bb17px|||||\u00a0\u00bb animation_style=\u00a0\u00bbfade\u00a0\u00bb animation_duration=\u00a0\u00bb500ms\u00a0\u00bb][et_pb_column type=\u00a0\u00bb1_2&Prime; _builder_version=\u00a0\u00bb3.25&Prime; custom_padding=\u00a0\u00bb|||\u00a0\u00bb custom_padding__hover=\u00a0\u00bb|||\u00a0\u00bb][et_pb_image src=\u00a0\u00bbhttps:\/\/adrien-nowak.com\/wp-content\/uploads\/2022\/02\/evenementiel_corpo_adrien_nowak_photographe_toulouse-6.jpg\u00a0\u00bb title_text=\u00a0\u00bbevenementiel_corpo_adrien_nowak_photographe_toulouse-6&Prime; show_in_lightbox=\u00a0\u00bbon\u00a0\u00bb align=\u00a0\u00bbcenter\u00a0\u00bb _builder_version=\u00a0\u00bb4.9.3&Prime; _module_preset=\u00a0\u00bbdefault\u00a0\u00bb animation_style=\u00a0\u00bbfade\u00a0\u00bb][\/et_pb_image][\/et_pb_column][et_pb_column type=\u00a0\u00bb1_2&Prime; specialty_columns=\u00a0\u00bb2&Prime; _builder_version=\u00a0\u00bb3.25&Prime; custom_padding=\u00a0\u00bb|||\u00a0\u00bb custom_padding__hover=\u00a0\u00bb|||\u00a0\u00bb][et_pb_row_inner _builder_version=\u00a0\u00bb4.9.3&Prime; _module_preset=\u00a0\u00bbdefault\u00a0\u00bb][et_pb_column_inner saved_specialty_column_type=\u00a0\u00bb1_2&Prime; _builder_version=\u00a0\u00bb4.9.3&Prime; _module_preset=\u00a0\u00bbdefault\u00a0\u00bb][et_pb_text _builder_version=\u00a0\u00bb4.9.3&Prime; _module_preset=\u00a0\u00bbdefault\u00a0\u00bb]<\/p>\n<h2 data-start=\"246\" data-end=\"304\">Photographe \u00e9v\u00e9nementiel \u2013 Sublimez vos moments forts<\/h2>\n<p data-start=\"306\" data-end=\"688\">Chaque \u00e9v\u00e9nement est unique. Derri\u00e8re l\u2019organisation d\u2019un s\u00e9minaire, d\u2019un congr\u00e8s ou d\u2019une convention, il y a des mois de pr\u00e9paration, des \u00e9quipes mobilis\u00e9es et des invit\u00e9s qui doivent vivre une exp\u00e9rience m\u00e9morable. Mon r\u00f4le en tant que photographe \u00e9v\u00e9nementiel est de vous aider \u00e0 conserver et \u00e0 partager ces instants gr\u00e2ce \u00e0 des images fortes, authentiques et professionnelles.<\/p>\n<p data-start=\"306\" data-end=\"688\">\n<p data-start=\"306\" data-end=\"688\">\n<h3 data-start=\"690\" data-end=\"719\">Une approche sur-mesure<\/h3>\n<p data-start=\"720\" data-end=\"1063\">Avant chaque reportage, je prends le temps d\u2019\u00e9changer avec vous pour comprendre vos objectifs : souhaitez-vous surtout valoriser vos intervenants ? Mettre en avant l\u2019ambiance g\u00e9n\u00e9rale ? Cr\u00e9er une banque d\u2019images pour votre communication interne et externe ? Cette phase d\u2019\u00e9coute me permet d\u2019adapter mon regard et mon approche \u00e0 votre projet.<\/p>\n<p data-start=\"720\" data-end=\"1063\">\n<p data-start=\"720\" data-end=\"1063\">\n<h3 data-start=\"1065\" data-end=\"1108\">Des images qui racontent une histoire<\/h3>\n<p data-start=\"1109\" data-end=\"1507\">Mon travail ne consiste pas seulement \u00e0 \u00ab prendre des photos \u00bb, mais \u00e0 <strong data-start=\"1180\" data-end=\"1210\">documenter votre \u00e9v\u00e9nement<\/strong>. Je capture les moments cl\u00e9s \u2013 discours, ateliers, conf\u00e9rences \u2013 mais aussi les d\u00e9tails qui font l\u2019atmosph\u00e8re : les \u00e9changes informels, les sourires, les regards, l\u2019\u00e9nergie collective. Ces images deviennent de v\u00e9ritables supports de communication et refl\u00e8tent la r\u00e9ussite de votre organisation.<\/p>\n<p>[\/et_pb_text][\/et_pb_column_inner][\/et_pb_row_inner][\/et_pb_column][\/et_pb_section][et_pb_section fb_built=\u00a0\u00bb1&Prime; specialty=\u00a0\u00bbon\u00a0\u00bb _builder_version=\u00a0\u00bb4.9.3&Prime; _module_preset=\u00a0\u00bbdefault\u00a0\u00bb background_color=\u00a0\u00bbrgba(255,208,0,0.75)\u00a0\u00bb box_shadow_style=\u00a0\u00bbpreset1&Prime;][et_pb_column type=\u00a0\u00bb1_2&Prime; specialty_columns=\u00a0\u00bb2&Prime; _builder_version=\u00a0\u00bb3.25&Prime; custom_padding=\u00a0\u00bb|||\u00a0\u00bb custom_padding__hover=\u00a0\u00bb|||\u00a0\u00bb][et_pb_row_inner _builder_version=\u00a0\u00bb4.9.3&Prime; _module_preset=\u00a0\u00bbdefault\u00a0\u00bb][et_pb_column_inner saved_specialty_column_type=\u00a0\u00bb1_2&Prime; _builder_version=\u00a0\u00bb4.9.3&Prime; _module_preset=\u00a0\u00bbdefault\u00a0\u00bb][et_pb_text _builder_version=\u00a0\u00bb4.9.3&Prime; _module_preset=\u00a0\u00bbdefault\u00a0\u00bb hover_enabled=\u00a0\u00bb0&Prime; sticky_enabled=\u00a0\u00bb0&Prime;]<\/p>\n<h3 data-start=\"1509\" data-end=\"1549\">Tous vos \u00e9v\u00e9nements professionnels<\/h3>\n<p data-start=\"1550\" data-end=\"1597\">Je couvre une large gamme de manifestations :<\/p>\n<ul data-start=\"1598\" data-end=\"1742\">\n<li data-start=\"1598\" data-end=\"1629\">\n<p data-start=\"1600\" data-end=\"1629\">S\u00e9minaires et team building<\/p>\n<\/li>\n<li data-start=\"1630\" data-end=\"1656\">\n<p data-start=\"1632\" data-end=\"1656\">Congr\u00e8s et conventions<\/p>\n<\/li>\n<li data-start=\"1657\" data-end=\"1692\">\n<p data-start=\"1659\" data-end=\"1692\">Salons professionnels et foires<\/p>\n<\/li>\n<li data-start=\"1693\" data-end=\"1742\">\n<p data-start=\"1695\" data-end=\"1742\">Lancements de produit et soir\u00e9es d\u2019entreprise<\/p>\n<\/li>\n<\/ul>\n<p>&nbsp;<\/p>\n<h3 data-start=\"1744\" data-end=\"1795\">Des visuels au service de votre communication<\/h3>\n<p data-start=\"1796\" data-end=\"2095\">Les photographies livr\u00e9es vous permettent d\u2019alimenter vos supports de communication : site internet, r\u00e9seaux sociaux, plaquettes, communiqu\u00e9s de presse. Vous disposez ainsi d\u2019images de qualit\u00e9 qui renforcent votre image de marque et prolongent l\u2019impact de votre \u00e9v\u00e9nement bien au-del\u00e0 de sa dur\u00e9e.<\/p>\n<p data-start=\"1796\" data-end=\"2095\">\n<p data-start=\"1796\" data-end=\"2095\">\n<h3 data-start=\"2097\" data-end=\"2134\">Un accompagnement professionnel<\/h3>\n<p data-start=\"2135\" data-end=\"2373\">Discret et r\u00e9actif, je travaille en toute autonomie tout en restant attentif \u00e0 vos attentes. Mon objectif : vous permettre de vous concentrer pleinement sur vos invit\u00e9s, tout en ayant l\u2019assurance que chaque moment important est captur\u00e9.<\/p>\n<p>[\/et_pb_text][\/et_pb_column_inner][\/et_pb_row_inner][\/et_pb_column][et_pb_column type=\u00a0\u00bb1_2&Prime; _builder_version=\u00a0\u00bb3.25&Prime; custom_padding=\u00a0\u00bb|||\u00a0\u00bb custom_padding__hover=\u00a0\u00bb|||\u00a0\u00bb][et_pb_image src=\u00a0\u00bbhttps:\/\/adrien-nowak.com\/wp-content\/uploads\/2022\/02\/evenementiel_corpo_adrien_nowak_photographe_toulouse-13.jpg\u00a0\u00bb title_text=\u00a0\u00bbevenementiel_corpo_adrien_nowak_photographe_toulouse-13&Prime; _builder_version=\u00a0\u00bb4.9.3&Prime; _module_preset=\u00a0\u00bbdefault\u00a0\u00bb][\/et_pb_image][\/et_pb_column][\/et_pb_section][et_pb_section fb_built=\u00a0\u00bb1&Prime; _builder_version=\u00a0\u00bb4.9.3&Prime; _module_preset=\u00a0\u00bbdefault\u00a0\u00bb][et_pb_row _builder_version=\u00a0\u00bb4.9.3&Prime; _module_preset=\u00a0\u00bbdefault\u00a0\u00bb][et_pb_column type=\u00a0\u00bb4_4&Prime; _builder_version=\u00a0\u00bb4.9.3&Prime; _module_preset=\u00a0\u00bbdefault\u00a0\u00bb][et_pb_gallery gallery_ids=\u00a0\u00bb302,304,329,330,331,321,332,333,317,318,310,315,316,335,328,320,334,312,306,309&Prime; posts_number=\u00a0\u00bb20&Prime; show_title_and_caption=\u00a0\u00bboff\u00a0\u00bb show_pagination=\u00a0\u00bboff\u00a0\u00bb _builder_version=\u00a0\u00bb4.9.3&Prime; _module_preset=\u00a0\u00bbdefault\u00a0\u00bb box_shadow_style_image=\u00a0\u00bbpreset1&Prime;][\/et_pb_gallery][\/et_pb_column][\/et_pb_row][\/et_pb_section]<\/p>\n","protected":false},"excerpt":{"rendered":"<p>[et_pb_section fb_built=\u00a0\u00bb1&Prime; _builder_version=\u00a0\u00bb4.9.3&Prime; _module_preset=\u00a0\u00bbdefault\u00a0\u00bb custom_padding=\u00a0\u00bb||9px|||\u00a0\u00bb][et_pb_row _builder_version=\u00a0\u00bb4.9.3&Prime; _module_preset=\u00a0\u00bbdefault\u00a0\u00bb][et_pb_column type=\u00a0\u00bb4_4&Prime; _builder_version=\u00a0\u00bb4.9.3&Prime; _module_preset=\u00a0\u00bbdefault\u00a0\u00bb][et_pb_post_title meta=\u00a0\u00bboff\u00a0\u00bb featured_image=\u00a0\u00bboff\u00a0\u00bb _builder_version=\u00a0\u00bb4.9.3&Prime; _module_preset=\u00a0\u00bbdefault\u00a0\u00bb title_font=\u00a0\u00bb|700|||||||\u00a0\u00bb title_text_align=\u00a0\u00bbcenter\u00a0\u00bb title_text_color=\u00a0\u00bb#00296B\u00a0\u00bb title_font_size=\u00a0\u00bb56px\u00a0\u00bb][\/et_pb_post_title][\/et_pb_column][\/et_pb_row][et_pb_row _builder_version=\u00a0\u00bb4.9.3&Prime; _module_preset=\u00a0\u00bbdefault\u00a0\u00bb][et_pb_column type=\u00a0\u00bb4_4&Prime; _builder_version=\u00a0\u00bb4.9.3&Prime; _module_preset=\u00a0\u00bbdefault\u00a0\u00bb][et_pb_text _builder_version=\u00a0\u00bb4.9.3&Prime; _module_preset=\u00a0\u00bbdefault\u00a0\u00bb text_font_size=\u00a0\u00bb16px\u00a0\u00bb] Immortaliser les plus beaux \u00e9v\u00e8nements de votre entreprise [\/et_pb_text][\/et_pb_column][\/et_pb_row][\/et_pb_section][et_pb_section fb_built=\u00a0\u00bb1&Prime; specialty=\u00a0\u00bbon\u00a0\u00bb _builder_version=\u00a0\u00bb4.9.3&Prime; _module_preset=\u00a0\u00bbdefault\u00a0\u00bb custom_padding=\u00a0\u00bb17px|||||\u00a0\u00bb animation_style=\u00a0\u00bbfade\u00a0\u00bb animation_duration=\u00a0\u00bb500ms\u00a0\u00bb][et_pb_column type=\u00a0\u00bb1_2&Prime; _builder_version=\u00a0\u00bb3.25&Prime; custom_padding=\u00a0\u00bb|||\u00a0\u00bb custom_padding__hover=\u00a0\u00bb|||\u00a0\u00bb][et_pb_image src=\u00a0\u00bbhttps:\/\/adrien-nowak.com\/wp-content\/uploads\/2022\/02\/evenementiel_corpo_adrien_nowak_photographe_toulouse-6.jpg\u00a0\u00bb title_text=\u00a0\u00bbevenementiel_corpo_adrien_nowak_photographe_toulouse-6&Prime; show_in_lightbox=\u00a0\u00bbon\u00a0\u00bb align=\u00a0\u00bbcenter\u00a0\u00bb _builder_version=\u00a0\u00bb4.9.3&Prime; _module_preset=\u00a0\u00bbdefault\u00a0\u00bb animation_style=\u00a0\u00bbfade\u00a0\u00bb][\/et_pb_image][\/et_pb_column][et_pb_column type=\u00a0\u00bb1_2&Prime; specialty_columns=\u00a0\u00bb2&Prime; [&hellip;]<\/p>\n","protected":false},"author":1,"featured_media":0,"parent":0,"menu_order":0,"comment_status":"closed","ping_status":"closed","template":"","meta":{"_et_pb_use_builder":"on","_et_pb_old_content":"","_et_gb_content_width":""},"_links":{"self":[{"href":"https:\/\/adrien-nowak.com\/index.php\/wp-json\/wp\/v2\/pages\/298"}],"collection":[{"href":"https:\/\/adrien-nowak.com\/index.php\/wp-json\/wp\/v2\/pages"}],"about":[{"href":"https:\/\/adrien-nowak.com\/index.php\/wp-json\/wp\/v2\/types\/page"}],"author":[{"embeddable":true,"href":"https:\/\/adrien-nowak.com\/index.php\/wp-json\/wp\/v2\/users\/1"}],"replies":[{"embeddable":true,"href":"https:\/\/adrien-nowak.com\/index.php\/wp-json\/wp\/v2\/comments?post=298"}],"version-history":[{"count":10,"href":"https:\/\/adrien-nowak.com\/index.php\/wp-json\/wp\/v2\/pages\/298\/revisions"}],"predecessor-version":[{"id":398,"href":"https:\/\/adrien-nowak.com\/index.php\/wp-json\/wp\/v2\/pages\/298\/revisions\/398"}],"wp:attachment":[{"href":"https:\/\/adrien-nowak.com\/index.php\/wp-json\/wp\/v2\/media?parent=298"}],"curies":[{"name":"wp","href":"https:\/\/api.w.org\/{rel}","templated":true}]}}