{"id":7,"date":"2022-01-07T16:51:27","date_gmt":"2022-01-07T15:51:27","guid":{"rendered":"https:\/\/adrien-nowak.com\/?page_id=7"},"modified":"2025-09-15T15:03:27","modified_gmt":"2025-09-15T13:03:27","slug":"portrait","status":"publish","type":"page","link":"https:\/\/adrien-nowak.com\/index.php\/portrait\/","title":{"rendered":"Le Portrait Corporate"},"content":{"rendered":"<p>[et_pb_section fb_built=\u00a0\u00bb1&Prime; _builder_version=\u00a0\u00bb4.9.3&Prime; _module_preset=\u00a0\u00bbdefault\u00a0\u00bb custom_padding=\u00a0\u00bb||9px|||\u00a0\u00bb][et_pb_row _builder_version=\u00a0\u00bb4.9.3&Prime; _module_preset=\u00a0\u00bbdefault\u00a0\u00bb][et_pb_column type=\u00a0\u00bb4_4&Prime; _builder_version=\u00a0\u00bb4.9.3&Prime; _module_preset=\u00a0\u00bbdefault\u00a0\u00bb][et_pb_post_title meta=\u00a0\u00bboff\u00a0\u00bb featured_image=\u00a0\u00bboff\u00a0\u00bb _builder_version=\u00a0\u00bb4.9.3&Prime; _module_preset=\u00a0\u00bbdefault\u00a0\u00bb title_font=\u00a0\u00bb|700|||||||\u00a0\u00bb title_text_align=\u00a0\u00bbcenter\u00a0\u00bb title_text_color=\u00a0\u00bb#430c05&Prime; title_font_size=\u00a0\u00bb56px\u00a0\u00bb][\/et_pb_post_title][\/et_pb_column][\/et_pb_row][et_pb_row _builder_version=\u00a0\u00bb4.9.3&Prime; _module_preset=\u00a0\u00bbdefault\u00a0\u00bb][et_pb_column type=\u00a0\u00bb4_4&Prime; _builder_version=\u00a0\u00bb4.9.3&Prime; _module_preset=\u00a0\u00bbdefault\u00a0\u00bb][et_pb_text _builder_version=\u00a0\u00bb4.9.3&Prime; _module_preset=\u00a0\u00bbdefault\u00a0\u00bb text_font_size=\u00a0\u00bb16px\u00a0\u00bb]<\/p>\n<p style=\"text-align: center;\"><em>Le portrait corporate, ou portrait professionnel, aidera votre entreprise \u00e0 renforcer son image de marque.<\/em><\/p>\n<p>[\/et_pb_text][\/et_pb_column][\/et_pb_row][\/et_pb_section][et_pb_section fb_built=\u00a0\u00bb1&Prime; specialty=\u00a0\u00bbon\u00a0\u00bb _builder_version=\u00a0\u00bb4.9.3&Prime; _module_preset=\u00a0\u00bbdefault\u00a0\u00bb background_color=\u00a0\u00bb#FFFFFF\u00a0\u00bb custom_padding=\u00a0\u00bb17px|||||\u00a0\u00bb animation_style=\u00a0\u00bbfade\u00a0\u00bb animation_duration=\u00a0\u00bb500ms\u00a0\u00bb][et_pb_column type=\u00a0\u00bb1_2&Prime; _builder_version=\u00a0\u00bb3.25&Prime; custom_padding=\u00a0\u00bb|||\u00a0\u00bb custom_padding__hover=\u00a0\u00bb|||\u00a0\u00bb][et_pb_image src=\u00a0\u00bbhttps:\/\/adrien-nowak.com\/wp-content\/uploads\/2025\/09\/AN5X1101-web.jpg\u00a0\u00bb title_text=\u00a0\u00bbAN5X1101-web\u00a0\u00bb align=\u00a0\u00bbcenter\u00a0\u00bb _builder_version=\u00a0\u00bb4.9.3&Prime; _module_preset=\u00a0\u00bbdefault\u00a0\u00bb max_height=\u00a0\u00bb700px\u00a0\u00bb animation_style=\u00a0\u00bbfade\u00a0\u00bb][\/et_pb_image][\/et_pb_column][et_pb_column type=\u00a0\u00bb1_2&Prime; specialty_columns=\u00a0\u00bb2&Prime; _builder_version=\u00a0\u00bb3.25&Prime; custom_padding=\u00a0\u00bb|||\u00a0\u00bb custom_padding__hover=\u00a0\u00bb|||\u00a0\u00bb][et_pb_row_inner _builder_version=\u00a0\u00bb4.9.3&Prime; _module_preset=\u00a0\u00bbdefault\u00a0\u00bb][et_pb_column_inner saved_specialty_column_type=\u00a0\u00bb1_2&Prime; _builder_version=\u00a0\u00bb4.9.3&Prime; _module_preset=\u00a0\u00bbdefault\u00a0\u00bb][et_pb_text _builder_version=\u00a0\u00bb4.9.3&Prime; _module_preset=\u00a0\u00bbdefault\u00a0\u00bb text_text_color=\u00a0\u00bb#00353f\u00a0\u00bb]<\/p>\n<h2 data-start=\"357\" data-end=\"431\"><\/h2>\n<h2 data-start=\"357\" data-end=\"431\">Photographe portrait corporate\u00a0<\/h2>\n<p data-start=\"433\" data-end=\"655\">Dans le cadre de votre communication professionnelle, il est essentiel de disposer de portraits de qualit\u00e9 : dirigeants, collaborateurs ou photos de groupe, chaque image contribue \u00e0 l\u2019image de marque de votre entreprise.<\/p>\n<p data-start=\"657\" data-end=\"953\">Je vous accompagne pour r\u00e9aliser vos <strong data-start=\"694\" data-end=\"717\">portraits corporate<\/strong> dans les meilleures conditions, en int\u00e9rieur ou en ext\u00e9rieur, avec un \u00e9clairage professionnel et des flashs de studio. Mon objectif est de mettre en valeur les personnes tout en respectant l\u2019identit\u00e9 et les codes de votre entreprise.<\/p>\n<p data-start=\"657\" data-end=\"953\">\n<p data-start=\"657\" data-end=\"953\">\n<h3 data-start=\"955\" data-end=\"1002\">Des portraits adapt\u00e9s \u00e0 tous vos supports<\/h3>\n<p data-start=\"1003\" data-end=\"1088\">Les photographies peuvent \u00eatre utilis\u00e9es sur diff\u00e9rents supports de communication :<\/p>\n<ul data-start=\"1089\" data-end=\"1318\">\n<li data-start=\"1089\" data-end=\"1153\">\n<p data-start=\"1091\" data-end=\"1153\">Site internet et r\u00e9seaux sociaux (LinkedIn, Instagram, etc.)<\/p>\n<\/li>\n<li data-start=\"1154\" data-end=\"1201\">\n<p data-start=\"1156\" data-end=\"1201\">Organigrammes et plaquettes de pr\u00e9sentation<\/p>\n<\/li>\n<li data-start=\"1202\" data-end=\"1244\">\n<p data-start=\"1204\" data-end=\"1244\">Cartes de visite et signatures de mail<\/p>\n<\/li>\n<li data-start=\"1245\" data-end=\"1318\">\n<p data-start=\"1247\" data-end=\"1318\">Communiqu\u00e9s de presse et dossiers de communication interne ou externe<\/p>\n<\/li>\n<\/ul>\n<p>&nbsp;<\/p>\n<h3 data-start=\"1320\" data-end=\"1367\">Un accompagnement humain et professionnel<\/h3>\n<p data-start=\"1368\" data-end=\"1740\">Je sais que tout le monde n\u2019est pas toujours \u00e0 l\u2019aise devant un objectif. C\u2019est pourquoi j\u2019accorde une attention particuli\u00e8re \u00e0 cr\u00e9er une atmosph\u00e8re d\u00e9tendue et bienveillante pendant la s\u00e9ance. Mon r\u00f4le est de mettre en confiance vos collaborateurs afin que ce moment devienne une exp\u00e9rience positive et agr\u00e9able, pour des portraits \u00e0 la fois naturels et professionnels.<\/p>\n<p data-start=\"1368\" data-end=\"1740\">\n<p data-start=\"1368\" data-end=\"1740\">\n<h3 data-start=\"1742\" data-end=\"1782\">Portraits individuels ou de groupe<\/h3>\n<p data-start=\"1783\" data-end=\"2108\">Que ce soit pour une s\u00e9ance photo de votre dirigeant, une s\u00e9rie de portraits de collaborateurs ou une photo d\u2019\u00e9quipe, je m\u2019adapte \u00e0 vos besoins et \u00e0 vos contraintes d\u2019organisation. Gr\u00e2ce \u00e0 un mat\u00e9riel mobile de studio, je peux intervenir directement dans vos locaux ou en ext\u00e9rieur, pour des images homog\u00e8nes et coh\u00e9rentes.<\/p>\n<p>[\/et_pb_text][\/et_pb_column_inner][\/et_pb_row_inner][\/et_pb_column][\/et_pb_section][et_pb_section fb_built=\u00a0\u00bb1&Prime; _builder_version=\u00a0\u00bb4.9.3&Prime; _module_preset=\u00a0\u00bbdefault\u00a0\u00bb background_color=\u00a0\u00bbrgba(255,208,0,0.75)\u00a0\u00bb animation_style=\u00a0\u00bbfade\u00a0\u00bb animation_duration=\u00a0\u00bb500ms\u00a0\u00bb box_shadow_style=\u00a0\u00bbpreset6&Prime;][et_pb_row column_structure=\u00a0\u00bb1_2,1_2&Prime; _builder_version=\u00a0\u00bb4.9.3&Prime; _module_preset=\u00a0\u00bbdefault\u00a0\u00bb][et_pb_column type=\u00a0\u00bb1_2&Prime; _builder_version=\u00a0\u00bb4.9.3&Prime; _module_preset=\u00a0\u00bbdefault\u00a0\u00bb][et_pb_text _builder_version=\u00a0\u00bb4.9.3&Prime; _module_preset=\u00a0\u00bbdefault\u00a0\u00bb text_font=\u00a0\u00bb|800|||||||\u00a0\u00bb text_text_color=\u00a0\u00bb#430c05&Prime; text_font_size=\u00a0\u00bb37px\u00a0\u00bb text_line_height=\u00a0\u00bb1em\u00a0\u00bb text_orientation=\u00a0\u00bbcenter\u00a0\u00bb module_alignment=\u00a0\u00bbcenter\u00a0\u00bb]<\/p>\n<p>Portrait avec lumi\u00e8re de studio<\/p>\n<p>[\/et_pb_text][\/et_pb_column][et_pb_column type=\u00a0\u00bb1_2&Prime; _builder_version=\u00a0\u00bb4.9.3&Prime; _module_preset=\u00a0\u00bbdefault\u00a0\u00bb][et_pb_text _builder_version=\u00a0\u00bb4.9.3&Prime; _module_preset=\u00a0\u00bbdefault\u00a0\u00bb text_text_color=\u00a0\u00bb#00353f\u00a0\u00bb]<\/p>\n<p>Vous souhaitez montrer l&rsquo;environnement dans lequel vous \u00e9voluez, mais tout en contr\u00f4lant la lumi\u00e8re afin d&rsquo;obtenir un portrait qui soit une image forte<\/p>\n<p>[\/et_pb_text][\/et_pb_column][\/et_pb_row][et_pb_row use_custom_gutter=\u00a0\u00bbon\u00a0\u00bb gutter_width=\u00a0\u00bb1&Prime; _builder_version=\u00a0\u00bb4.9.3&Prime; _module_preset=\u00a0\u00bbdefault\u00a0\u00bb][et_pb_column type=\u00a0\u00bb4_4&Prime; _builder_version=\u00a0\u00bb4.9.3&Prime; _module_preset=\u00a0\u00bbdefault\u00a0\u00bb][et_pb_gallery gallery_ids=\u00a0\u00bb386,387,64,383,62,382,384,50,385,74,388,389&Prime; posts_number=\u00a0\u00bb12&Prime; orientation=\u00a0\u00bbportrait\u00a0\u00bb show_title_and_caption=\u00a0\u00bboff\u00a0\u00bb show_pagination=\u00a0\u00bboff\u00a0\u00bb zoom_icon_color=\u00a0\u00bbRGBA(0,0,0,0)\u00a0\u00bb hover_overlay_color=\u00a0\u00bbRGBA(0,0,0,0)\u00a0\u00bb _builder_version=\u00a0\u00bb4.9.3&Prime; _module_preset=\u00a0\u00bbdefault\u00a0\u00bb title_font=\u00a0\u00bb||on||||||\u00a0\u00bb title_text_color=\u00a0\u00bbRGBA(0,0,0,0)\u00a0\u00bb caption_font=\u00a0\u00bb||||on|||RGBA(0,0,0,0)|\u00a0\u00bb caption_text_color=\u00a0\u00bbRGBA(0,0,0,0)\u00a0\u00bb caption_font_size=\u00a0\u00bb1px\u00a0\u00bb caption_line_height=\u00a0\u00bb1px\u00a0\u00bb pagination_text_color=\u00a0\u00bbRGBA(0,0,0,0)\u00a0\u00bb text_orientation=\u00a0\u00bbright\u00a0\u00bb width=\u00a0\u00bb100%\u00a0\u00bb max_width=\u00a0\u00bb100%\u00a0\u00bb custom_margin=\u00a0\u00bb0px||0px||false|false\u00a0\u00bb][\/et_pb_gallery][\/et_pb_column][\/et_pb_row][\/et_pb_section][et_pb_section fb_built=\u00a0\u00bb1&Prime; _builder_version=\u00a0\u00bb4.9.3&Prime; _module_preset=\u00a0\u00bbdefault\u00a0\u00bb background_color=\u00a0\u00bb#FFFFFF\u00a0\u00bb animation_style=\u00a0\u00bbfade\u00a0\u00bb animation_duration=\u00a0\u00bb500ms\u00a0\u00bb box_shadow_style=\u00a0\u00bbpreset1&Prime;][et_pb_row column_structure=\u00a0\u00bb1_2,1_2&Prime; _builder_version=\u00a0\u00bb4.9.3&Prime; _module_preset=\u00a0\u00bbdefault\u00a0\u00bb][et_pb_column type=\u00a0\u00bb1_2&Prime; _builder_version=\u00a0\u00bb4.9.3&Prime; _module_preset=\u00a0\u00bbdefault\u00a0\u00bb][et_pb_text _builder_version=\u00a0\u00bb4.9.3&Prime; _module_preset=\u00a0\u00bbdefault\u00a0\u00bb text_text_color=\u00a0\u00bb#00353f\u00a0\u00bb custom_padding=\u00a0\u00bb||0px|||\u00a0\u00bb]<\/p>\n<p>Vous souhaitez avoir un rendu le plus nature possible, que ce soit en int\u00e9rieur ou en ext\u00e9rieur<\/p>\n<p>[\/et_pb_text][\/et_pb_column][et_pb_column type=\u00a0\u00bb1_2&Prime; _builder_version=\u00a0\u00bb4.9.3&Prime; _module_preset=\u00a0\u00bbdefault\u00a0\u00bb][et_pb_text _builder_version=\u00a0\u00bb4.9.3&Prime; _module_preset=\u00a0\u00bbdefault\u00a0\u00bb text_font=\u00a0\u00bb|800|||||||\u00a0\u00bb text_text_color=\u00a0\u00bb#430c05&Prime; text_font_size=\u00a0\u00bb37px\u00a0\u00bb text_line_height=\u00a0\u00bb1em\u00a0\u00bb text_orientation=\u00a0\u00bbcenter\u00a0\u00bb module_alignment=\u00a0\u00bbcenter\u00a0\u00bb]<\/p>\n<p>Portrait en lumi\u00e8re naturelle<\/p>\n<p>[\/et_pb_text][\/et_pb_column][\/et_pb_row][et_pb_row use_custom_gutter=\u00a0\u00bbon\u00a0\u00bb gutter_width=\u00a0\u00bb1&Prime; _builder_version=\u00a0\u00bb4.9.3&Prime; _module_preset=\u00a0\u00bbdefault\u00a0\u00bb][et_pb_column type=\u00a0\u00bb4_4&Prime; _builder_version=\u00a0\u00bb4.9.3&Prime; _module_preset=\u00a0\u00bbdefault\u00a0\u00bb][et_pb_gallery gallery_ids=\u00a0\u00bb88,67,60,65,70,57,66,58&Prime; posts_number=\u00a0\u00bb8&Prime; orientation=\u00a0\u00bbportrait\u00a0\u00bb show_title_and_caption=\u00a0\u00bboff\u00a0\u00bb show_pagination=\u00a0\u00bboff\u00a0\u00bb _builder_version=\u00a0\u00bb4.9.3&Prime; _module_preset=\u00a0\u00bbdefault\u00a0\u00bb][\/et_pb_gallery][\/et_pb_column][\/et_pb_row][\/et_pb_section][et_pb_section fb_built=\u00a0\u00bb1&Prime; _builder_version=\u00a0\u00bb4.9.3&Prime; _module_preset=\u00a0\u00bbdefault\u00a0\u00bb background_color=\u00a0\u00bbrgba(255,208,0,0.75)\u00a0\u00bb animation_style=\u00a0\u00bbfade\u00a0\u00bb animation_duration=\u00a0\u00bb500ms\u00a0\u00bb box_shadow_style=\u00a0\u00bbpreset6&Prime;][et_pb_row _builder_version=\u00a0\u00bb4.9.3&Prime; _module_preset=\u00a0\u00bbdefault\u00a0\u00bb][et_pb_column type=\u00a0\u00bb4_4&Prime; _builder_version=\u00a0\u00bb4.9.3&Prime; _module_preset=\u00a0\u00bbdefault\u00a0\u00bb][et_pb_text _builder_version=\u00a0\u00bb4.9.3&Prime; _module_preset=\u00a0\u00bbdefault\u00a0\u00bb text_font=\u00a0\u00bb|800|||||||\u00a0\u00bb text_text_color=\u00a0\u00bb#430c05&Prime; text_font_size=\u00a0\u00bb25px\u00a0\u00bb]<\/p>\n<p>Le portrait Corporate, comment se d\u00e9roule un shooting ?<\/p>\n<p>[\/et_pb_text][\/et_pb_column][\/et_pb_row][et_pb_row _builder_version=\u00a0\u00bb4.9.3&Prime; _module_preset=\u00a0\u00bbdefault\u00a0\u00bb][et_pb_column type=\u00a0\u00bb4_4&Prime; _builder_version=\u00a0\u00bb4.9.3&Prime; _module_preset=\u00a0\u00bbdefault\u00a0\u00bb][et_pb_text _builder_version=\u00a0\u00bb4.9.3&Prime; _module_preset=\u00a0\u00bbdefault\u00a0\u00bb text_font=\u00a0\u00bb||||||||\u00a0\u00bb text_text_color=\u00a0\u00bb#00353f\u00a0\u00bb]<\/p>\n<p>Tout d&rsquo;abord, nous d\u00e9finissons ensemble vos besoins et vos attentes, pour vous proposer la solution la plus adapt\u00e9e, que nous pouvons r\u00e9sumer dans un cahier des charges qui comprendra :<\/p>\n<ul>\n<li>Les lieux : vos locaux, avec ou sans fond de studio, ext\u00e9rieurs<\/li>\n<li>Le type d&rsquo;\u00e9clairage : lumi\u00e8re studio ou lumi\u00e8re naturelle<\/li>\n<li>Les personnes \u00e0 photographier afin de trouver une date qui correspondra \u00e0 tout le monde. Attention, dans le cas des photos en ext\u00e9rieurs, il faudra toujours prendre en compte le facteur m\u00e9t\u00e9o.<\/li>\n<li>Les types de cadrage attendu, suivant l&rsquo;utilisation qui en sera faite par la suite<\/li>\n<\/ul>\n<p>&nbsp;<\/p>\n<p>Je m&rsquo;occupe par la suite de s\u00e9lectionner les meilleurs photos, de les retoucher avec le plus grand soin, afin d&rsquo;obtenir des clich\u00e9s propres soign\u00e9s et o\u00f9 chacun se reconnaitra. Les photos en haute d\u00e9finition sont ensuite livr\u00e9e sous une semaine.<\/p>\n<p>Je suis disponible sur Toulouse, la Haute-Garonne, Montauban, le Tarn-et-Garonne, Agen, le Lot-et-Garonne<\/p>\n<p>&nbsp;<\/p>\n<p>[\/et_pb_text][\/et_pb_column][\/et_pb_row][\/et_pb_section]<\/p>\n","protected":false},"excerpt":{"rendered":"<p>[et_pb_section fb_built=\u00a0\u00bb1&Prime; _builder_version=\u00a0\u00bb4.9.3&Prime; _module_preset=\u00a0\u00bbdefault\u00a0\u00bb custom_padding=\u00a0\u00bb||9px|||\u00a0\u00bb][et_pb_row _builder_version=\u00a0\u00bb4.9.3&Prime; _module_preset=\u00a0\u00bbdefault\u00a0\u00bb][et_pb_column type=\u00a0\u00bb4_4&Prime; _builder_version=\u00a0\u00bb4.9.3&Prime; _module_preset=\u00a0\u00bbdefault\u00a0\u00bb][et_pb_post_title meta=\u00a0\u00bboff\u00a0\u00bb featured_image=\u00a0\u00bboff\u00a0\u00bb _builder_version=\u00a0\u00bb4.9.3&Prime; _module_preset=\u00a0\u00bbdefault\u00a0\u00bb title_font=\u00a0\u00bb|700|||||||\u00a0\u00bb title_text_align=\u00a0\u00bbcenter\u00a0\u00bb title_text_color=\u00a0\u00bb#430c05&Prime; title_font_size=\u00a0\u00bb56px\u00a0\u00bb][\/et_pb_post_title][\/et_pb_column][\/et_pb_row][et_pb_row _builder_version=\u00a0\u00bb4.9.3&Prime; _module_preset=\u00a0\u00bbdefault\u00a0\u00bb][et_pb_column type=\u00a0\u00bb4_4&Prime; _builder_version=\u00a0\u00bb4.9.3&Prime; _module_preset=\u00a0\u00bbdefault\u00a0\u00bb][et_pb_text _builder_version=\u00a0\u00bb4.9.3&Prime; _module_preset=\u00a0\u00bbdefault\u00a0\u00bb text_font_size=\u00a0\u00bb16px\u00a0\u00bb] Le portrait corporate, ou portrait professionnel, aidera votre entreprise \u00e0 renforcer son image de marque. [\/et_pb_text][\/et_pb_column][\/et_pb_row][\/et_pb_section][et_pb_section fb_built=\u00a0\u00bb1&Prime; specialty=\u00a0\u00bbon\u00a0\u00bb _builder_version=\u00a0\u00bb4.9.3&Prime; _module_preset=\u00a0\u00bbdefault\u00a0\u00bb background_color=\u00a0\u00bb#FFFFFF\u00a0\u00bb custom_padding=\u00a0\u00bb17px|||||\u00a0\u00bb animation_style=\u00a0\u00bbfade\u00a0\u00bb animation_duration=\u00a0\u00bb500ms\u00a0\u00bb][et_pb_column type=\u00a0\u00bb1_2&Prime; _builder_version=\u00a0\u00bb3.25&Prime; custom_padding=\u00a0\u00bb|||\u00a0\u00bb custom_padding__hover=\u00a0\u00bb|||\u00a0\u00bb][et_pb_image src=\u00a0\u00bbhttps:\/\/adrien-nowak.com\/wp-content\/uploads\/2025\/09\/AN5X1101-web.jpg\u00a0\u00bb [&hellip;]<\/p>\n","protected":false},"author":1,"featured_media":0,"parent":0,"menu_order":0,"comment_status":"closed","ping_status":"closed","template":"","meta":{"_et_pb_use_builder":"on","_et_pb_old_content":"","_et_gb_content_width":""},"_links":{"self":[{"href":"https:\/\/adrien-nowak.com\/index.php\/wp-json\/wp\/v2\/pages\/7"}],"collection":[{"href":"https:\/\/adrien-nowak.com\/index.php\/wp-json\/wp\/v2\/pages"}],"about":[{"href":"https:\/\/adrien-nowak.com\/index.php\/wp-json\/wp\/v2\/types\/page"}],"author":[{"embeddable":true,"href":"https:\/\/adrien-nowak.com\/index.php\/wp-json\/wp\/v2\/users\/1"}],"replies":[{"embeddable":true,"href":"https:\/\/adrien-nowak.com\/index.php\/wp-json\/wp\/v2\/comments?post=7"}],"version-history":[{"count":35,"href":"https:\/\/adrien-nowak.com\/index.php\/wp-json\/wp\/v2\/pages\/7\/revisions"}],"predecessor-version":[{"id":399,"href":"https:\/\/adrien-nowak.com\/index.php\/wp-json\/wp\/v2\/pages\/7\/revisions\/399"}],"wp:attachment":[{"href":"https:\/\/adrien-nowak.com\/index.php\/wp-json\/wp\/v2\/media?parent=7"}],"curies":[{"name":"wp","href":"https:\/\/api.w.org\/{rel}","templated":true}]}}